{"id":72,"date":"2020-07-15T12:45:28","date_gmt":"2020-07-15T12:45:28","guid":{"rendered":"https:\/\/alimentsmarkus.com\/?page_id=72"},"modified":"2024-03-05T14:52:20","modified_gmt":"2024-03-05T14:52:20","slug":"a-propos-de","status":"publish","type":"page","link":"https:\/\/alimentsmarkus.com\/?page_id=72","title":{"rendered":"A propos de nous"},"content":{"rendered":"\n<figure class=\"wp-block-pullquote is-style-default\" style=\"border-color:#abb8c3\"><blockquote class=\"has-text-color has-black-color\"><p>Entreprise  \u0153uvrant dans le domaine de la vente de biens et services  <\/p><p><strong>Notre histoire<\/strong> <\/p><p>Bienvenue sur Aliments Markus.com votre plateforme pour faire votre demande de biens et services  .<\/p><p>Nous nous engageons \u00e0 vous offrir le meilleur service possible, en mettant l\u2019accent sur la transparence, l\u2019efficacit\u00e9 et l\u2019accessibilit\u00e9.<\/p><p>Aliments Markus a \u00e9t\u00e9 fond\u00e9e afin d\u2019encourager l\u2019achat de produits et services et de promouvoir les commer\u00e7ants . Nous servons des clients partout dans la r\u00e9gion du Canada.<\/p><p><strong>Notre Mission <\/strong><\/p><p>Votre bien et service , livr\u00e9e \u00e0 votre adresse ! Offrant une vari\u00e9t\u00e9 de biens et services , nous voulons faire une diff\u00e9rence dans notre communaut\u00e9 en encourageant l\u2019achat  tout en supportant nos entreprises locaux.<\/p><p>Notre objectif est de rendre le bien et service   facile et accessible aux consommateurs et aux commer\u00e7ants .<\/p><p><strong>Nos Valeurs<\/strong> <\/p><p>Nous voulons offrir une solution pratique et \u00e0 un prix raisonnable \u00e0 un probl\u00e8me que rencontrent la plupart des consommateurs et des entreprises. Nous esp\u00e9rons cr\u00e9er un sentiment d\u2019appartenance dans notre communaut\u00e9.<\/p><p>En mettant en \u0153uvre une plate-forme facile \u00e0 utiliser, un programme de livraison, ainsi qu\u2019un excellent service \u00e0 la client\u00e8le, Aliments Markus favorise la transparence et l\u2019entraide !<\/p><p>\u00a0<\/p><p><strong>-L\u2019\u00e9quipe Markus<\/strong><\/p><\/blockquote><\/figure>\n","protected":false},"excerpt":{"rendered":"<p>Entreprise \u0153uvrant dans le domaine de la vente de biens et services Notre histoire Bienvenue sur Aliments Markus.com votre plateforme pour faire votre demande de biens et services . Nous nous engageons \u00e0 vous offrir le meilleur service possible, en mettant l\u2019accent sur la transparence, l\u2019efficacit\u00e9 et l\u2019accessibilit\u00e9. Aliments Markus&hellip; <\/p>\n","protected":false},"author":1,"featured_media":0,"parent":0,"menu_order":0,"comment_status":"closed","ping_status":"closed","template":"","meta":{"spay_email":""},"_links":{"self":[{"href":"https:\/\/alimentsmarkus.com\/index.php?rest_route=\/wp\/v2\/pages\/72"}],"collection":[{"href":"https:\/\/alimentsmarkus.com\/index.php?rest_route=\/wp\/v2\/pages"}],"about":[{"href":"https:\/\/alimentsmarkus.com\/index.php?rest_route=\/wp\/v2\/types\/page"}],"author":[{"embeddable":true,"href":"https:\/\/alimentsmarkus.com\/index.php?rest_route=\/wp\/v2\/users\/1"}],"replies":[{"embeddable":true,"href":"https:\/\/alimentsmarkus.com\/index.php?rest_route=%2Fwp%2Fv2%2Fcomments&post=72"}],"version-history":[{"count":14,"href":"https:\/\/alimentsmarkus.com\/index.php?rest_route=\/wp\/v2\/pages\/72\/revisions"}],"predecessor-version":[{"id":40092,"href":"https:\/\/alimentsmarkus.com\/index.php?rest_route=\/wp\/v2\/pages\/72\/revisions\/40092"}],"wp:attachment":[{"href":"https:\/\/alimentsmarkus.com\/index.php?rest_route=%2Fwp%2Fv2%2Fmedia&parent=72"}],"curies":[{"name":"wp","href":"https:\/\/api.w.org\/{rel}","templated":true}]}}